{"id":1788,"date":"2021-10-12T18:54:26","date_gmt":"2021-10-12T18:54:26","guid":{"rendered":"https:\/\/portafolio.purpurasolutions.com\/transparencia\/?page_id=1788"},"modified":"2021-10-14T21:43:36","modified_gmt":"2021-10-14T21:43:36","slug":"obligaciones","status":"publish","type":"page","link":"https:\/\/portafolio.purpurasolutions.com\/transparencia\/obligaciones\/","title":{"rendered":"OBLIGACIONES"},"content":{"rendered":"\t\t<div data-elementor-type=\"wp-page\" data-elementor-id=\"1788\" class=\"elementor elementor-1788\">\n\t\t\t\t\t\t<section class=\"elementor-section elementor-top-section elementor-element elementor-element-ec68aca elementor-section-full_width elementor-section-height-default elementor-section-height-default\" data-id=\"ec68aca\" data-element_type=\"section\" data-settings=\"{&quot;background_background&quot;:&quot;classic&quot;}\">\n\t\t\t\t\t\t<div class=\"elementor-container elementor-column-gap-default\">\n\t\t\t\t\t<div class=\"elementor-column elementor-col-100 elementor-top-column elementor-element elementor-element-d542c4c\" data-id=\"d542c4c\" data-element_type=\"column\">\n\t\t\t<div class=\"elementor-widget-wrap elementor-element-populated\">\n\t\t\t\t\t\t<div class=\"elementor-element elementor-element-12d6b0b obligaciones elementor-widget elementor-widget-html\" data-id=\"12d6b0b\" data-element_type=\"widget\" data-widget_type=\"html.default\">\n\t\t\t\t<div class=\"elementor-widget-container\">\n\t\t\t<div class=\"boxed_wrapper\">\n  <section class=\"page-title\"\n    style=\"background-image: url(http:\/\/o7o.002.myftpupload.com\/wp-content\/uploads\/2021\/10\/foto-gob.jpg);\">\n    <div class=\"auto-container\">\n      <div class=\"content-box\">\n        <div class=\"title centred\">\n          <h1> OBLIGACIONES<\/h1>\n        <\/div>\n        <ul class=\"bread-crumb clearfix\">\n          <li><a href=\"http:\/\/o7o.002.myftpupload.com\/\">Inicio<\/a><\/li>\n          <li>Obligaciones<\/li>\n        <\/ul>\n      <\/div>\n    <\/div>\n  <\/section>\n  <div data-elementor-type=\"wp-page\" data-elementor-id=\"1788\" class=\"elementor elementor-1788\"\n    data-elementor-settings=\"[]\">\n    <div class=\"elementor-section-wrap\">\n      <section\n        class=\"elementor-section elementor-top-section elementor-element elementor-element-ec68aca elementor-section-full_width elementor-section-height-default elementor-section-height-default\"\n        data-id=\"ec68aca\" data-element_type=\"section\">\n        <div class=\"elementor-container elementor-column-gap-default\">\n          <div\n            class=\"elementor-column elementor-col-100 elementor-top-column elementor-element elementor-element-d542c4c\"\n            data-id=\"d542c4c\" data-element_type=\"column\">\n            <div class=\"elementor-widget-wrap elementor-element-populated\">\n              <div\n                class=\"elementor-element elementor-element-4a619ee elementor-widget elementor-widget-whitehall_events_list\"\n                data-id=\"4a619ee\" data-element_type=\"widget\" data-widget_type=\"whitehall_events_list.default\">\n                <div class=\"elementor-widget-container\">\n\n                  <!-- events-list -->\n                  <section class=\"events-list sec-pad-2\">\n                    <div class=\"auto-container\">\n                      <div class=\"event-list-content\">\n                        <div class=\"schedule-inner\">\n                          <div class=\"schedule-block-three\">\n                            <div class=\"inner-box\">\n                              <div class=\"inner\">\n                                <div class=\"schedule-date\">\n                                  <h2> &#160;<\/h2>\n                                  <ul class=\"list clearfix\">\n                                    <li> &#160;<\/li>\n                                  <\/ul>\n                                <\/div>\n                                <div class=\"text p-r\">\n                                  <span class=\"category square-green\">&#160;&#160;&#160;&#160;&#160;<\/span>\n                                  <h3><a\n                                      href=\"\/articulo-74\/\">Art\u00edculo 74<\/a><\/h3>\n                                  <p>I. El marco normativo aplicable al sujeto obligado, en el que deber\u00e1 incluirse leyes, c\u00f3digos, reglamentos, decretos de creaci\u00f3n, manuales administrativos, reglas de operaci\u00f3n, criterios, pol\u00edticas, entre otros.<\/p>\n                                  <div class=\"link\"><a\n                                      href=\"\/articulo-74\/\">Leer m\u00e1s<i class=\"flaticon-right-arrow\"><\/i><\/a><\/div>\n                                <\/div>\n                              <\/div>\n                            <\/div>\n                          <\/div>\n                          <div class=\"schedule-block-three\">\n                            <div class=\"inner-box\">\n                              <div class=\"inner\">\n                                <div class=\"schedule-date\">\n                                  <h2> &#160;<\/h2>\n                                  <ul class=\"list clearfix\">\n                                    <li> &#160;<\/li>\n                                  <\/ul>\n                                <\/div>\n                                <div class=\"text p-r\">\n                                  <span class=\"category square-green\">&#160;&#160;&#160;&#160;&#160;<\/span>\n                                  <h3><a\n                                      href=\"\/articulo-76\/\">Art\u00edculo 76<\/a><\/h3>\n                                  <p>I. El Plan Municipal de Desarrollo<\/p>\n                                  <p>II. La informaci\u00f3n detallada que contengan los planes de desarrollo urbano, ordenamiento territorial y ecol\u00f3gico, los tipos y usos de suelo, licencias de uso y construcci\u00f3n otorgadas por los gobiernos municipales;<\/p>\n                                  <div class=\"link\"><a\n                                      href=\"\/articulo-76\/\">Leer m\u00e1s <i class=\"flaticon-right-arrow\"><\/i><\/a><\/div>\n                                <\/div>\n                              <\/div>\n                            <\/div>\n                          <\/div>\n                        <\/div>\n                      <\/div>\n                    <\/div>\n                  <\/section>\n                  <!-- events-list end -->\n\n                <\/div>\n              <\/div>\n            <\/div>\n          <\/div>\n        <\/div>\n      <\/section>\n    <\/div>\n  <\/div>\n<\/div>\t\t<\/div>\n\t\t\t\t<\/div>\n\t\t\t\t\t<\/div>\n\t\t<\/div>\n\t\t\t\t\t<\/div>\n\t\t<\/section>\n\t\t\t\t<\/div>\n\t\t","protected":false},"excerpt":{"rendered":"<p>OBLIGACIONES Inicio Obligaciones &#160; &#160; &#160;&#160;&#160;&#160;&#160; Art\u00edculo 74 I. El marco normativo aplicable al sujeto obligado, en el que deber\u00e1 incluirse leyes, c\u00f3digos, reglamentos, decretos de creaci\u00f3n, manuales administrativos, reglas de operaci\u00f3n, criterios, pol\u00edticas, entre otros. Leer m\u00e1s &#160; &#160; &#160;&#160;&#160;&#160;&#160; Art\u00edculo 76 I. El Plan Municipal de Desarrollo II. La informaci\u00f3n detallada que contengan [&hellip;]<\/p>\n","protected":false},"author":1,"featured_media":0,"parent":0,"menu_order":0,"comment_status":"closed","ping_status":"closed","template":"tpl-default-elementor.php","meta":{"footnotes":""},"amp_enabled":false,"_links":{"self":[{"href":"https:\/\/portafolio.purpurasolutions.com\/transparencia\/wp-json\/wp\/v2\/pages\/1788"}],"collection":[{"href":"https:\/\/portafolio.purpurasolutions.com\/transparencia\/wp-json\/wp\/v2\/pages"}],"about":[{"href":"https:\/\/portafolio.purpurasolutions.com\/transparencia\/wp-json\/wp\/v2\/types\/page"}],"author":[{"embeddable":true,"href":"https:\/\/portafolio.purpurasolutions.com\/transparencia\/wp-json\/wp\/v2\/users\/1"}],"replies":[{"embeddable":true,"href":"https:\/\/portafolio.purpurasolutions.com\/transparencia\/wp-json\/wp\/v2\/comments?post=1788"}],"version-history":[{"count":34,"href":"https:\/\/portafolio.purpurasolutions.com\/transparencia\/wp-json\/wp\/v2\/pages\/1788\/revisions"}],"predecessor-version":[{"id":2067,"href":"https:\/\/portafolio.purpurasolutions.com\/transparencia\/wp-json\/wp\/v2\/pages\/1788\/revisions\/2067"}],"wp:attachment":[{"href":"https:\/\/portafolio.purpurasolutions.com\/transparencia\/wp-json\/wp\/v2\/media?parent=1788"}],"curies":[{"name":"wp","href":"https:\/\/api.w.org\/{rel}","templated":true}]}}