{"id":7323,"date":"2023-03-06T17:24:52","date_gmt":"2023-03-06T17:24:52","guid":{"rendered":"https:\/\/portafolio.purpurasolutions.com\/transparencia\/?page_id=7323"},"modified":"2024-06-18T18:01:18","modified_gmt":"2024-06-18T18:01:18","slug":"planeacion","status":"publish","type":"page","link":"https:\/\/portafolio.purpurasolutions.com\/transparencia\/planeacion\/","title":{"rendered":"Planeaci\u00f3n"},"content":{"rendered":"\t\t<div data-elementor-type=\"wp-page\" data-elementor-id=\"7323\" class=\"elementor elementor-7323\">\n\t\t\t\t\t\t<section class=\"elementor-section elementor-top-section elementor-element elementor-element-a3f862c elementor-section-full_width full-cont elementor-section-height-default elementor-section-height-default elementor-invisible\" data-id=\"a3f862c\" data-element_type=\"section\" data-settings=\"{&quot;background_background&quot;:&quot;classic&quot;,&quot;animation&quot;:&quot;fadeIn&quot;}\">\n\t\t\t\t\t\t<div class=\"elementor-container elementor-column-gap-default\">\n\t\t\t\t\t<div class=\"elementor-column elementor-col-100 elementor-top-column elementor-element elementor-element-6793577\" data-id=\"6793577\" data-element_type=\"column\">\n\t\t\t<div class=\"elementor-widget-wrap elementor-element-populated\">\n\t\t\t\t\t\t<div class=\"elementor-element elementor-element-c986721 text_subt_lg elementor-widget elementor-widget-heading\" data-id=\"c986721\" data-element_type=\"widget\" data-widget_type=\"heading.default\">\n\t\t\t\t<div class=\"elementor-widget-container\">\n\t\t\t<style>\/*! elementor - v3.22.0 - 26-06-2024 *\/\n.elementor-heading-title{padding:0;margin:0;line-height:1}.elementor-widget-heading .elementor-heading-title[class*=elementor-size-]>a{color:inherit;font-size:inherit;line-height:inherit}.elementor-widget-heading .elementor-heading-title.elementor-size-small{font-size:15px}.elementor-widget-heading .elementor-heading-title.elementor-size-medium{font-size:19px}.elementor-widget-heading .elementor-heading-title.elementor-size-large{font-size:29px}.elementor-widget-heading .elementor-heading-title.elementor-size-xl{font-size:39px}.elementor-widget-heading .elementor-heading-title.elementor-size-xxl{font-size:59px}<\/style><h2 class=\"elementor-heading-title elementor-size-xl\">Planeaci\u00f3n<\/h2>\t\t<\/div>\n\t\t\t\t<\/div>\n\t\t\t\t<section class=\"elementor-section elementor-inner-section elementor-element elementor-element-c05ee85 elementor-section-boxed elementor-section-height-default elementor-section-height-default\" data-id=\"c05ee85\" data-element_type=\"section\">\n\t\t\t\t\t\t<div class=\"elementor-container elementor-column-gap-default\">\n\t\t\t\t\t<div class=\"elementor-column elementor-col-100 elementor-inner-column elementor-element elementor-element-19f817f\" data-id=\"19f817f\" data-element_type=\"column\">\n\t\t\t<div class=\"elementor-widget-wrap elementor-element-populated\">\n\t\t\t\t\t\t<div class=\"elementor-element elementor-element-240a5b1 elementor-widget elementor-widget-html\" data-id=\"240a5b1\" data-element_type=\"widget\" data-widget_type=\"html.default\">\n\t\t\t\t<div class=\"elementor-widget-container\">\n\t\t\t<div class=\"sec-title centred\">\n<div class=\"title-shape\"><\/div>\n <\/div>\t\t<\/div>\n\t\t\t\t<\/div>\n\t\t\t\t<div class=\"elementor-element elementor-element-3f75edc elementor-widget elementor-widget-image\" data-id=\"3f75edc\" data-element_type=\"widget\" data-widget_type=\"image.default\">\n\t\t\t\t<div class=\"elementor-widget-container\">\n\t\t\t<style>\/*! elementor - v3.22.0 - 26-06-2024 *\/\n.elementor-widget-image{text-align:center}.elementor-widget-image a{display:inline-block}.elementor-widget-image a img[src$=\".svg\"]{width:48px}.elementor-widget-image img{vertical-align:middle;display:inline-block}<\/style>\t\t\t\t\t\t\t\t\t\t<img fetchpriority=\"high\" decoding=\"async\" width=\"600\" height=\"475\" src=\"https:\/\/portafolio.purpurasolutions.com\/transparencia\/wp-content\/uploads\/2023\/03\/planeacion.webp\" class=\"attachment-full size-full wp-image-7333\" alt=\"\" srcset=\"https:\/\/portafolio.purpurasolutions.com\/transparencia\/wp-content\/uploads\/2023\/03\/planeacion.webp 600w, https:\/\/portafolio.purpurasolutions.com\/transparencia\/wp-content\/uploads\/2023\/03\/planeacion-300x238.webp 300w\" sizes=\"(max-width: 600px) 100vw, 600px\" \/>\t\t\t\t\t\t\t\t\t\t\t\t\t<\/div>\n\t\t\t\t<\/div>\n\t\t\t\t\t<\/div>\n\t\t<\/div>\n\t\t\t\t\t<\/div>\n\t\t<\/section>\n\t\t\t\t<section class=\"elementor-section elementor-inner-section elementor-element elementor-element-77f4220 elementor-section-boxed elementor-section-height-default elementor-section-height-default\" data-id=\"77f4220\" data-element_type=\"section\">\n\t\t\t\t\t\t<div class=\"elementor-container elementor-column-gap-default\">\n\t\t\t\t\t<div class=\"elementor-column elementor-col-100 elementor-inner-column elementor-element elementor-element-44f33a3\" data-id=\"44f33a3\" data-element_type=\"column\">\n\t\t\t<div class=\"elementor-widget-wrap elementor-element-populated\">\n\t\t\t\t\t\t<div class=\"elementor-element elementor-element-f7b1785 elementor-widget elementor-widget-text-editor\" data-id=\"f7b1785\" data-element_type=\"widget\" data-widget_type=\"text-editor.default\">\n\t\t\t\t<div class=\"elementor-widget-container\">\n\t\t\t<style>\/*! elementor - v3.22.0 - 26-06-2024 *\/\n.elementor-widget-text-editor.elementor-drop-cap-view-stacked .elementor-drop-cap{background-color:#69727d;color:#fff}.elementor-widget-text-editor.elementor-drop-cap-view-framed .elementor-drop-cap{color:#69727d;border:3px solid;background-color:transparent}.elementor-widget-text-editor:not(.elementor-drop-cap-view-default) .elementor-drop-cap{margin-top:8px}.elementor-widget-text-editor:not(.elementor-drop-cap-view-default) .elementor-drop-cap-letter{width:1em;height:1em}.elementor-widget-text-editor .elementor-drop-cap{float:left;text-align:center;line-height:1;font-size:50px}.elementor-widget-text-editor .elementor-drop-cap-letter{display:inline-block}<\/style>\t\t\t\t<p><a href=\"https:\/\/portafolio.purpurasolutions.com\/transparencia\/wp-content\/uploads\/2023\/03\/1.-1ER-SESION-ORDINARIA-2021_0001.pdf\">1.- 1ER SESION ORDINARIA 2021_0001<\/a><\/p><p><a href=\"https:\/\/portafolio.purpurasolutions.com\/transparencia\/wp-content\/uploads\/2023\/03\/2.-1ER-SESION-EXTRAORDINARIA-2021_0001.pdf\">2.-1ER SESION EXTRAORDINARIA 2021_0001<\/a><\/p><p><a href=\"https:\/\/portafolio.purpurasolutions.com\/transparencia\/wp-content\/uploads\/2023\/03\/3.-2DA-SESION-ORDINARIA-2021_0001.pdf\">3.- 2DA SESION ORDINARIA 2021_0001<\/a><\/p><p><a href=\"https:\/\/portafolio.purpurasolutions.com\/transparencia\/wp-content\/uploads\/2023\/03\/4.-1ER-SESION-ORDINARIA-APERTURA-2022-Y-CIERRE-2021_0001.pdf\">4.- 1ER SESION ORDINARIA APERTURA 2022 Y CIERRE 2021_0001<\/a><\/p><p><a href=\"https:\/\/portafolio.purpurasolutions.com\/transparencia\/wp-content\/uploads\/2023\/03\/5.-2DA-SESION-ORDINARIA-2022_0001.pdf\">5.- 2DA SESION ORDINARIA 2022_0001<\/a><\/p><p><a href=\"https:\/\/portafolio.purpurasolutions.com\/transparencia\/wp-content\/uploads\/2023\/03\/6.-1ER-SESION-EXTRAORDINARIA-2022_0001.pdf\">6.- 1ER SESION EXTRAORDINARIA 2022_0001<\/a><\/p><p><a href=\"https:\/\/portafolio.purpurasolutions.com\/transparencia\/wp-content\/uploads\/2023\/03\/7.-3RA-SESION-ORDINARIA-2022_0001.pdf\">7.- 3RA SESION ORDINARIA 2022_0001<\/a><\/p><p><a href=\"https:\/\/portafolio.purpurasolutions.com\/transparencia\/wp-content\/uploads\/2023\/03\/8.-2DA-SESION-EXTRAORDINARIA-2022_0001.pdf\">8.- 2DA SESION EXTRAORDINARIA 2022_0001<\/a><\/p><p><a href=\"https:\/\/portafolio.purpurasolutions.com\/transparencia\/wp-content\/uploads\/2023\/03\/9.-4TA-SESION-ORDINARIA-2022_0001.pdf\">9.- 4TA SESION ORDINARIA 2022_0001<\/a><\/p><p><a href=\"https:\/\/portafolio.purpurasolutions.com\/transparencia\/wp-content\/uploads\/2023\/03\/10.-5TA-SESION-ORDINARIA-2022_0001.pdf\">10.- 5TA SESION ORDINARIA 2022_0001<\/a><\/p><p><a href=\"https:\/\/portafolio.purpurasolutions.com\/transparencia\/wp-content\/uploads\/2023\/03\/11.-6TA-SESION-ORDINARIA-2022_0001.pdf\">11.- 6TA SESION ORDINARIA 2022_0001<\/a><\/p><p><a href=\"https:\/\/portafolio.purpurasolutions.com\/transparencia\/wp-content\/uploads\/2023\/04\/primera-sesion-del-cierre-del-ejecicio-fiscal-2022-y-presentacion-de-rograma-anual-de-inversion-publica-2023_00011.pdf\">12.- Primera Sesion del cierre del ejecicio fiscal 2022 y presentacion de rograma anual de inversion publica 2023_0001<\/a><\/p><p><a href=\"https:\/\/portafolio.purpurasolutions.com\/transparencia\/wp-content\/uploads\/2023\/07\/scan.pdf\">ACTA CONCLUSI\u00d3N DE TRABAJO<\/a><\/p><p><a href=\"https:\/\/portafolio.purpurasolutions.com\/transparencia\/wp-content\/uploads\/2023\/10\/CONTRATO-PRODIM-2023_0001-2.pdf\">CONTRATO PRODIM 2023_0001<\/a><\/p><p><a href=\"https:\/\/portafolio.purpurasolutions.com\/transparencia\/wp-content\/uploads\/2024\/02\/SEGUNDA-SESION-ORDINARIA_0001.pdf\">SEGUNDA SESI\u00d3N ORDINARIA 2023<\/a><\/p><p><a href=\"https:\/\/portafolio.purpurasolutions.com\/transparencia\/wp-content\/uploads\/2024\/02\/TERCERA-SESION-ORDINARIA_0001.pdf\">TERCERA SESI\u00d3N ORDINARIA 2023<\/a><\/p><p><a href=\"https:\/\/portafolio.purpurasolutions.com\/transparencia\/wp-content\/uploads\/2024\/02\/CUARTA-SESION-ORDINARIA_0001.pdf\">CUARTA SESI\u00d3N ORDINARIA 2023<\/a><\/p><p>\u00a0<\/p><p><b>Primera sesi\u00f3n extraordinaria del comit\u00e9 de planeaci\u00f3n para\u00a0el desarrollo del municipio de Hopelch\u00e9n, Cierre del ejercicio fiscal 2023 y Presentaci\u00f3n de las modificaciones del programa anual de inversi\u00f3n p\u00fablica\u00a02024.<\/b><\/p><p>\u00a0<\/p><p><a href=\"https:\/\/portafolio.purpurasolutions.com\/transparencia\/wp-content\/uploads\/2024\/06\/img007.pdf\">IMG 007<\/a><\/p><p><a href=\"https:\/\/portafolio.purpurasolutions.com\/transparencia\/wp-content\/uploads\/2024\/06\/img008.pdf\">IMG 008<\/a><\/p><p><a href=\"https:\/\/portafolio.purpurasolutions.com\/transparencia\/wp-content\/uploads\/2024\/06\/img009.pdf\">IMG 009<\/a><\/p><p>\u00a0<\/p>\t\t\t\t\t\t<\/div>\n\t\t\t\t<\/div>\n\t\t\t\t<div class=\"elementor-element elementor-element-97c2e84 elementor-widget elementor-widget-button\" data-id=\"97c2e84\" data-element_type=\"widget\" data-widget_type=\"button.default\">\n\t\t\t\t<div class=\"elementor-widget-container\">\n\t\t\t\t\t<div class=\"elementor-button-wrapper\">\n\t\t\t<a class=\"elementor-button elementor-button-link elementor-size-lg\" href=\"\/avances-fisicos\/\">\n\t\t\t\t\t\t<span class=\"elementor-button-content-wrapper\">\n\t\t\t\t\t\t\t\t\t<span class=\"elementor-button-text\">AVANCES F\u00cdSICOS<\/span>\n\t\t\t\t\t<\/span>\n\t\t\t\t\t<\/a>\n\t\t<\/div>\n\t\t\t\t<\/div>\n\t\t\t\t<\/div>\n\t\t\t\t\t<\/div>\n\t\t<\/div>\n\t\t\t\t\t<\/div>\n\t\t<\/section>\n\t\t\t\t\t<\/div>\n\t\t<\/div>\n\t\t\t\t\t<\/div>\n\t\t<\/section>\n\t\t\t\t<\/div>\n\t\t","protected":false},"excerpt":{"rendered":"<p>Planeaci\u00f3n 1.- 1ER SESION ORDINARIA 2021_0001 2.-1ER SESION EXTRAORDINARIA 2021_0001 3.- 2DA SESION ORDINARIA 2021_0001 4.- 1ER SESION ORDINARIA APERTURA 2022 Y CIERRE 2021_0001 5.- 2DA SESION ORDINARIA 2022_0001 6.- 1ER SESION EXTRAORDINARIA 2022_0001 7.- 3RA SESION ORDINARIA 2022_0001 8.- 2DA SESION EXTRAORDINARIA 2022_0001 9.- 4TA SESION ORDINARIA 2022_0001 10.- 5TA SESION ORDINARIA 2022_0001 11.- [&hellip;]<\/p>\n","protected":false},"author":4,"featured_media":0,"parent":0,"menu_order":0,"comment_status":"closed","ping_status":"closed","template":"","meta":{"footnotes":""},"amp_enabled":true,"_links":{"self":[{"href":"https:\/\/portafolio.purpurasolutions.com\/transparencia\/wp-json\/wp\/v2\/pages\/7323"}],"collection":[{"href":"https:\/\/portafolio.purpurasolutions.com\/transparencia\/wp-json\/wp\/v2\/pages"}],"about":[{"href":"https:\/\/portafolio.purpurasolutions.com\/transparencia\/wp-json\/wp\/v2\/types\/page"}],"author":[{"embeddable":true,"href":"https:\/\/portafolio.purpurasolutions.com\/transparencia\/wp-json\/wp\/v2\/users\/4"}],"replies":[{"embeddable":true,"href":"https:\/\/portafolio.purpurasolutions.com\/transparencia\/wp-json\/wp\/v2\/comments?post=7323"}],"version-history":[{"count":39,"href":"https:\/\/portafolio.purpurasolutions.com\/transparencia\/wp-json\/wp\/v2\/pages\/7323\/revisions"}],"predecessor-version":[{"id":9981,"href":"https:\/\/portafolio.purpurasolutions.com\/transparencia\/wp-json\/wp\/v2\/pages\/7323\/revisions\/9981"}],"wp:attachment":[{"href":"https:\/\/portafolio.purpurasolutions.com\/transparencia\/wp-json\/wp\/v2\/media?parent=7323"}],"curies":[{"name":"wp","href":"https:\/\/api.w.org\/{rel}","templated":true}]}}